{"id":3269,"date":"2024-10-07T15:13:13","date_gmt":"2024-10-07T15:13:13","guid":{"rendered":"https:\/\/petrossianrestaurants.com\/?post_type=product&#038;p=3269"},"modified":"2024-12-19T02:02:27","modified_gmt":"2024-12-19T02:02:27","slug":"125g-caviar-gift-set","status":"publish","type":"product","link":"https:\/\/petrossianrestaurants.com\/nyc\/product\/125g-caviar-gift-set\/","title":{"rendered":"125g Caviar Gift Set"},"content":{"rendered":"","protected":false},"excerpt":{"rendered":"<p><strong>YOU DO IT YOUR WAY<\/strong><\/p>\n<p><span data-sheets-value=\"{&quot;1&quot;:2,&quot;2&quot;:&quot;Which of our extraordinary caviars are you longing to try? Take your pick and we'll send you the ultimate caviar experience with blinis, cr\u00e8me fra\u00eeche and a mother of pearl spoon, packed in our new isothermic tote.\\n\\n125g of your choice of Caviar\\n40 Blini\\n8oz Cr\u00e8me Fra\u00eeche\\n Small Cylindrical Tote\\nMother of Pearl Spoon&quot;}\" data-sheets-userformat=\"{&quot;2&quot;:963,&quot;3&quot;:{&quot;1&quot;:0},&quot;4&quot;:[null,2,14275305],&quot;9&quot;:1,&quot;10&quot;:1,&quot;11&quot;:4,&quot;12&quot;:0}\">Which of our extraordinary caviars are you longing to try? Take your pick and we&#8217;ll send you the ultimate caviar experience with blinis, cr\u00e8me fra\u00eeche and a mother of pearl spoon, packed in our new isothermic tote.<\/span><\/p>\n<p>125g of your choice of Caviar<br \/>\n40 Pack Blini<br \/>\n8oz Cr\u00e8me Fra\u00eeche<br \/>\nSmall Cylindrical Tote<br \/>\nMother of Pearl Spoon<\/p>\n","protected":false},"featured_media":3308,"template":"","meta":[],"product_cat":[164,142],"product_tag":[],"class_list":{"0":"post-3269","1":"product","2":"type-product","3":"status-publish","4":"has-post-thumbnail","6":"product_cat-125g-caviar-gift-set","7":"product_cat-gifts","9":"first","10":"instock","11":"purchasable","12":"product-type-variable"},"yoast_head":"<!-- This site is optimized with the Yoast SEO plugin v24.4 - https:\/\/yoast.com\/wordpress\/plugins\/seo\/ -->\n<title>125g Caviar Gift Set - Petrossian Restaurant - New York City<\/title>\n<meta name=\"robots\" content=\"index, follow, max-snippet:-1, max-image-preview:large, max-video-preview:-1\" \/>\n<link rel=\"canonical\" href=\"https:\/\/petrossianrestaurants.com\/nyc\/product\/125g-caviar-gift-set\/\" \/>\n<meta property=\"og:locale\" content=\"en_US\" \/>\n<meta property=\"og:type\" content=\"article\" \/>\n<meta property=\"og:title\" content=\"125g Caviar Gift Set - Petrossian Restaurant - New York City\" \/>\n<meta property=\"og:description\" content=\"YOU DO IT YOUR WAY  Which of our extraordinary caviars are you longing to try? Take your pick and we&#039;ll send you the ultimate caviar experience with blinis, cr\u00e8me fra\u00eeche and a mother of pearl spoon, packed in our new isothermic tote.  125g of your choice of Caviar 40 Pack Blini 8oz Cr\u00e8me Fra\u00eeche Small Cylindrical Tote Mother of Pearl Spoon\" \/>\n<meta property=\"og:url\" content=\"https:\/\/petrossianrestaurants.com\/nyc\/product\/125g-caviar-gift-set\/\" \/>\n<meta property=\"og:site_name\" content=\"Petrossian Restaurant - New York City\" \/>\n<meta property=\"article:modified_time\" content=\"2024-12-19T02:02:27+00:00\" \/>\n<meta property=\"og:image\" content=\"https:\/\/petrossianrestaurants.com\/nyc\/wp-content\/uploads\/sites\/3\/2024\/10\/Special-Reserve-Kaluga-125g-Gift-Set-scaled.jpg\" \/>\n\t<meta property=\"og:image:width\" content=\"2560\" \/>\n\t<meta property=\"og:image:height\" content=\"1707\" \/>\n\t<meta property=\"og:image:type\" content=\"image\/jpeg\" \/>\n<meta name=\"twitter:card\" content=\"summary_large_image\" \/>\n<script type=\"application\/ld+json\" class=\"yoast-schema-graph\">{\"@context\":\"https:\/\/schema.org\",\"@graph\":[{\"@type\":\"WebPage\",\"@id\":\"https:\/\/petrossianrestaurants.com\/nyc\/product\/125g-caviar-gift-set\/\",\"url\":\"https:\/\/petrossianrestaurants.com\/nyc\/product\/125g-caviar-gift-set\/\",\"name\":\"125g Caviar Gift Set - Petrossian Restaurant - New York City\",\"isPartOf\":{\"@id\":\"https:\/\/petrossianrestaurants.com\/nyc\/#website\"},\"primaryImageOfPage\":{\"@id\":\"https:\/\/petrossianrestaurants.com\/nyc\/product\/125g-caviar-gift-set\/#primaryimage\"},\"image\":{\"@id\":\"https:\/\/petrossianrestaurants.com\/nyc\/product\/125g-caviar-gift-set\/#primaryimage\"},\"thumbnailUrl\":\"https:\/\/petrossianrestaurants.com\/nyc\/wp-content\/uploads\/sites\/3\/2024\/10\/Special-Reserve-Kaluga-125g-Gift-Set-scaled.jpg\",\"datePublished\":\"2024-10-07T15:13:13+00:00\",\"dateModified\":\"2024-12-19T02:02:27+00:00\",\"breadcrumb\":{\"@id\":\"https:\/\/petrossianrestaurants.com\/nyc\/product\/125g-caviar-gift-set\/#breadcrumb\"},\"inLanguage\":\"en-US\",\"potentialAction\":[{\"@type\":\"ReadAction\",\"target\":[\"https:\/\/petrossianrestaurants.com\/nyc\/product\/125g-caviar-gift-set\/\"]}]},{\"@type\":\"ImageObject\",\"inLanguage\":\"en-US\",\"@id\":\"https:\/\/petrossianrestaurants.com\/nyc\/product\/125g-caviar-gift-set\/#primaryimage\",\"url\":\"https:\/\/petrossianrestaurants.com\/nyc\/wp-content\/uploads\/sites\/3\/2024\/10\/Special-Reserve-Kaluga-125g-Gift-Set-scaled.jpg\",\"contentUrl\":\"https:\/\/petrossianrestaurants.com\/nyc\/wp-content\/uploads\/sites\/3\/2024\/10\/Special-Reserve-Kaluga-125g-Gift-Set-scaled.jpg\",\"width\":2560,\"height\":1707},{\"@type\":\"BreadcrumbList\",\"@id\":\"https:\/\/petrossianrestaurants.com\/nyc\/product\/125g-caviar-gift-set\/#breadcrumb\",\"itemListElement\":[{\"@type\":\"ListItem\",\"position\":1,\"name\":\"Home\",\"item\":\"https:\/\/petrossianrestaurants.com\/nyc\/\"},{\"@type\":\"ListItem\",\"position\":2,\"name\":\"Boutique\",\"item\":\"https:\/\/petrossianrestaurants.com\/nyc\/?page_id=6167\"},{\"@type\":\"ListItem\",\"position\":3,\"name\":\"125g Caviar Gift Set\"}]},{\"@type\":\"WebSite\",\"@id\":\"https:\/\/petrossianrestaurants.com\/nyc\/#website\",\"url\":\"https:\/\/petrossianrestaurants.com\/nyc\/\",\"name\":\"Petrossian Restaurant - New York City\",\"description\":\"\",\"potentialAction\":[{\"@type\":\"SearchAction\",\"target\":{\"@type\":\"EntryPoint\",\"urlTemplate\":\"https:\/\/petrossianrestaurants.com\/nyc\/?s={search_term_string}\"},\"query-input\":{\"@type\":\"PropertyValueSpecification\",\"valueRequired\":true,\"valueName\":\"search_term_string\"}}],\"inLanguage\":\"en-US\"}]}<\/script>\n<!-- \/ Yoast SEO plugin. -->","yoast_head_json":{"title":"125g Caviar Gift Set - Petrossian Restaurant - New York City","robots":{"index":"index","follow":"follow","max-snippet":"max-snippet:-1","max-image-preview":"max-image-preview:large","max-video-preview":"max-video-preview:-1"},"canonical":"https:\/\/petrossianrestaurants.com\/nyc\/product\/125g-caviar-gift-set\/","og_locale":"en_US","og_type":"article","og_title":"125g Caviar Gift Set - Petrossian Restaurant - New York City","og_description":"YOU DO IT YOUR WAY  Which of our extraordinary caviars are you longing to try? Take your pick and we'll send you the ultimate caviar experience with blinis, cr\u00e8me fra\u00eeche and a mother of pearl spoon, packed in our new isothermic tote.  125g of your choice of Caviar 40 Pack Blini 8oz Cr\u00e8me Fra\u00eeche Small Cylindrical Tote Mother of Pearl Spoon","og_url":"https:\/\/petrossianrestaurants.com\/nyc\/product\/125g-caviar-gift-set\/","og_site_name":"Petrossian Restaurant - New York City","article_modified_time":"2024-12-19T02:02:27+00:00","og_image":[{"width":2560,"height":1707,"url":"https:\/\/petrossianrestaurants.com\/nyc\/wp-content\/uploads\/sites\/3\/2024\/10\/Special-Reserve-Kaluga-125g-Gift-Set-scaled.jpg","type":"image\/jpeg"}],"twitter_card":"summary_large_image","schema":{"@context":"https:\/\/schema.org","@graph":[{"@type":"WebPage","@id":"https:\/\/petrossianrestaurants.com\/nyc\/product\/125g-caviar-gift-set\/","url":"https:\/\/petrossianrestaurants.com\/nyc\/product\/125g-caviar-gift-set\/","name":"125g Caviar Gift Set - Petrossian Restaurant - New York City","isPartOf":{"@id":"https:\/\/petrossianrestaurants.com\/nyc\/#website"},"primaryImageOfPage":{"@id":"https:\/\/petrossianrestaurants.com\/nyc\/product\/125g-caviar-gift-set\/#primaryimage"},"image":{"@id":"https:\/\/petrossianrestaurants.com\/nyc\/product\/125g-caviar-gift-set\/#primaryimage"},"thumbnailUrl":"https:\/\/petrossianrestaurants.com\/nyc\/wp-content\/uploads\/sites\/3\/2024\/10\/Special-Reserve-Kaluga-125g-Gift-Set-scaled.jpg","datePublished":"2024-10-07T15:13:13+00:00","dateModified":"2024-12-19T02:02:27+00:00","breadcrumb":{"@id":"https:\/\/petrossianrestaurants.com\/nyc\/product\/125g-caviar-gift-set\/#breadcrumb"},"inLanguage":"en-US","potentialAction":[{"@type":"ReadAction","target":["https:\/\/petrossianrestaurants.com\/nyc\/product\/125g-caviar-gift-set\/"]}]},{"@type":"ImageObject","inLanguage":"en-US","@id":"https:\/\/petrossianrestaurants.com\/nyc\/product\/125g-caviar-gift-set\/#primaryimage","url":"https:\/\/petrossianrestaurants.com\/nyc\/wp-content\/uploads\/sites\/3\/2024\/10\/Special-Reserve-Kaluga-125g-Gift-Set-scaled.jpg","contentUrl":"https:\/\/petrossianrestaurants.com\/nyc\/wp-content\/uploads\/sites\/3\/2024\/10\/Special-Reserve-Kaluga-125g-Gift-Set-scaled.jpg","width":2560,"height":1707},{"@type":"BreadcrumbList","@id":"https:\/\/petrossianrestaurants.com\/nyc\/product\/125g-caviar-gift-set\/#breadcrumb","itemListElement":[{"@type":"ListItem","position":1,"name":"Home","item":"https:\/\/petrossianrestaurants.com\/nyc\/"},{"@type":"ListItem","position":2,"name":"Boutique","item":"https:\/\/petrossianrestaurants.com\/nyc\/?page_id=6167"},{"@type":"ListItem","position":3,"name":"125g Caviar Gift Set"}]},{"@type":"WebSite","@id":"https:\/\/petrossianrestaurants.com\/nyc\/#website","url":"https:\/\/petrossianrestaurants.com\/nyc\/","name":"Petrossian Restaurant - New York City","description":"","potentialAction":[{"@type":"SearchAction","target":{"@type":"EntryPoint","urlTemplate":"https:\/\/petrossianrestaurants.com\/nyc\/?s={search_term_string}"},"query-input":{"@type":"PropertyValueSpecification","valueRequired":true,"valueName":"search_term_string"}}],"inLanguage":"en-US"}]}},"_links":{"self":[{"href":"https:\/\/petrossianrestaurants.com\/nyc\/wp-json\/wp\/v2\/product\/3269","targetHints":{"allow":["GET"]}}],"collection":[{"href":"https:\/\/petrossianrestaurants.com\/nyc\/wp-json\/wp\/v2\/product"}],"about":[{"href":"https:\/\/petrossianrestaurants.com\/nyc\/wp-json\/wp\/v2\/types\/product"}],"wp:featuredmedia":[{"embeddable":true,"href":"https:\/\/petrossianrestaurants.com\/nyc\/wp-json\/wp\/v2\/media\/3308"}],"wp:attachment":[{"href":"https:\/\/petrossianrestaurants.com\/nyc\/wp-json\/wp\/v2\/media?parent=3269"}],"wp:term":[{"taxonomy":"product_cat","embeddable":true,"href":"https:\/\/petrossianrestaurants.com\/nyc\/wp-json\/wp\/v2\/product_cat?post=3269"},{"taxonomy":"product_tag","embeddable":true,"href":"https:\/\/petrossianrestaurants.com\/nyc\/wp-json\/wp\/v2\/product_tag?post=3269"}],"curies":[{"name":"wp","href":"https:\/\/api.w.org\/{rel}","templated":true}]}}